{"id":5606,"date":"2015-08-12T15:08:43","date_gmt":"2015-08-12T15:08:43","guid":{"rendered":"http:\/\/www.gmivolunteers.org\/es\/about\/"},"modified":"2015-12-21T14:53:36","modified_gmt":"2015-12-21T19:53:36","slug":"quienes-somos","status":"publish","type":"page","link":"https:\/\/www.gmivolunteers.org\/es\/quienes-somos\/","title":{"rendered":"\u00bfQui\u00e9nes Somos?"},"content":{"rendered":"<div class=\"fusion-fullwidth fullwidth-box fusion-fullwidth-1  fusion-parallax-none nonhundred-percent-fullwidth fusion-equal-height-columns\" style=\"border-color:#dd3333;border-bottom-width: 0px;border-top-width: 0px;border-bottom-style: solid;border-top-style: solid;padding-bottom:50px;padding-top:50px;padding-left:0px;padding-right:0px;background-color:#155f99;\"><style type=\"text\/css\" scoped=\"scoped\">.fusion-fullwidth-1 {\n                            padding-left: 0px !important;\n                            padding-right: 0px !important;\n                        }<\/style><div class=\"fusion-row\"><div class=\"fusion-one-third one_third fusion-layout-column fusion-spacing-yes fusion-hide-on-mobile\" style=\"margin-top:0px;margin-bottom:0px;\"><div class=\"fusion-column-wrapper fusion-animated\" data-animationType=\"fadeInUp\" data-animationDuration=\"0.1\"><div class=\"fusion-column-table\"><div class=\"fusion-column-tablecell\"><div class=\"imageframe-align-center\"><span class=\"fusion-imageframe imageframe-none imageframe-1 hover-type-none appimg\"> <img decoding=\"async\" alt=\"\" src=\"http:\/\/www.gmivolunteers.org\/wp-content\/uploads\/2015\/09\/m_3.png\" class=\"img-responsive\"\/><\/span><\/div><div class=\"fusion-clearfix\"><\/div><\/div><\/div><\/div><\/div><div class=\"fusion-three-fifth fusion-layout-column fusion-column-last fusion-spacing-yes\" style=\"margin-top:0px;margin-bottom:0px;\"><div class=\"fusion-column-wrapper fusion-animated\" data-animationType=\"fadeInUp\" data-animationDuration=\"1\"><div class=\"fusion-column-table\"><div class=\"fusion-column-tablecell\"><h1 style=\"text-align: center;\"><span style=\"color: #ffffff;\">\u00bfQui\u00e9nes Somos?<\/span><\/h1>\n<h2 style=\"text-align: center;\"><span style=\"color: #ffffff;\">Somos una organizaci\u00f3n de fe que comparte el amor de Dios al mundo a traves de atenci\u00f3n m\u00e9dica, educaci\u00f3n y televisi\u00f3n.<\/span><\/h2>\n<p style=\"text-align: center;\"><span style=\"color: #ffffff;\"><a style=\"color: #ffffff; text-decoration: none; font-weight: 500; display: inline-block; font-size: 14px; padding: 3px 10px; border-radius: 3px; border: 1px solid; margin-top: 10px;\" href=\"http:\/\/gospelministry.org\/about\/\" target=\"_blank\">Leer mas (Ingles)\u00a0<\/a><\/span><\/p>\n<div class=\"fusion-clearfix\"><\/div><\/div><\/div><\/div><\/div><div class=\"fusion-clearfix\"><\/div><\/div><\/div><a class=\"fusion-one-page-text-link\" href=\"#aviation\"><div class=\"imageframe-align-center\"><span class=\"fusion-imageframe imageframe-none imageframe-2 hover-type-none seemore\"> <img src=\"http:\/\/www.gmivolunteers.org\/wp-content\/uploads\/2015\/09\/arrowblue1.png\" alt=\"\" class=\"img-responsive\"\/><\/span><\/div><\/a><a id=\"aviation\"><\/a><div class=\"fusion-bg-parallax\" data-bg-align=\"center center\" data-direction=\"down\" data-mute=\"false\" data-opacity=\"100\" data-velocity=\"-0.1\" data-mobile-enabled=\"false\" data-break-parents=\"0\" data-bg-repeat=\"false\"><\/div><div class=\"fusion-fullwidth fullwidth-box fusion-fullwidth-2  fusion-parallax-down nonhundred-percent-fullwidth fusion-equal-height-columns\" style=\"border-color:#eae9e9;border-bottom-width: 0px;border-top-width: 0px;border-bottom-style: solid;border-top-style: solid;padding-bottom:0px;padding-top:0px;padding-left:0px;padding-right:0px;\"><style type=\"text\/css\" scoped=\"scoped\">.fusion-fullwidth-2 {\n                            padding-left: 0px !important;\n                            padding-right: 0px !important;\n                        }<\/style><div class=\"fusion-row\"><div class=\"fusion-three-fifth fusion-layout-column fusion-spacing-yes\" style=\"margin-top:0px;margin-bottom:0px;\"><div class=\"fusion-column-wrapper fusion-animated\" data-animationType=\"fadeInUp\" data-animationDuration=\"1\"><div class=\"fusion-column-table\"><div class=\"fusion-column-tablecell\"><h1 style=\"text-align: center;\"><span style=\"color: #404040;\">Aviaci\u00f3n M\u00e9dica<\/span><\/h1>\n<h2 style=\"text-align: center;\"><span style=\"color: #5c5c5c;\">Nuestros pilotos en Guyana, Venezuela, Bolivia y otros pa\u00edses salvan las vidas de miles de personas cada a\u00f1o.<\/span><\/h2>\n<p style=\"text-align: center;\"><a style=\"color: #5c5c5c; text-decoration: none; font-weight: 500; display: inline-block; font-size: 14px; padding: 3px 10px; border-radius: 3px; border-color: #5c5c5c; border: solid; border-width: 1px; margin-top: 10px;\" href=\"http:\/\/gospelministry.org\/aviation-projects\/\" target=\"_blank\">M\u00e1s informaci\u00f3n\u00a0(ingl\u00e9s)<\/a><\/p>\n<div class=\"fusion-clearfix\"><\/div><\/div><\/div><\/div><\/div><div class=\"fusion-one-third one_third fusion-layout-column fusion-column-last fusion-spacing-yes fusion-hide-on-mobile\" style=\"margin-top:0px;margin-bottom:0px;\"><div class=\"fusion-column-wrapper fusion-animated\" data-animationType=\"slideInLeft\" data-animationDuration=\"1\"><div class=\"fusion-column-table\"><div class=\"fusion-column-tablecell\"><div class=\"imageframe-align-center\"><span class=\"fusion-imageframe imageframe-none imageframe-3 hover-type-none\"> <img decoding=\"async\" alt=\"\" src=\"http:\/\/www.gmivolunteers.org\/wp-content\/uploads\/2015\/09\/m_12.png\" class=\"img-responsive\"\/><\/span><\/div><div class=\"fusion-clearfix\"><\/div><\/div><\/div><\/div><\/div><div class=\"fusion-clearfix\"><\/div><\/div><\/div><a class=\"fusion-one-page-text-link\" href=\"#broadcasting\"><div class=\"imageframe-align-center\"><span class=\"fusion-imageframe imageframe-none imageframe-4 hover-type-none seemore2\"> <img src=\"http:\/\/www.gmivolunteers.org\/wp-content\/uploads\/2015\/09\/arrowred1.png\" alt=\"\" class=\"img-responsive\"\/><\/span><\/div><\/a><a id=\"broadcasting\"><\/a><div class=\"fusion-fullwidth fullwidth-box fusion-fullwidth-3  fusion-parallax-none nonhundred-percent-fullwidth fusion-equal-height-columns\" style=\"border-color:#eae9e9;border-bottom-width: 0px;border-top-width: 0px;border-bottom-style: solid;border-top-style: solid;padding-bottom:50px;padding-top:50px;padding-left:0px;padding-right:0px;background-color:#b51515;background-position:center center;background-repeat:no-repeat;-webkit-background-size:cover;-moz-background-size:cover;-o-background-size:cover;background-size:cover;-ms-filter: &quot;progid:DXImageTransform.Microsoft.AlphaImageLoader(src=&#039;http:\/\/www.gmivolunteers.org\/wp-content\/uploads\/2015\/09\/map.jpg&#039;, sizingMethod=&#039;scale&#039;)&quot;;background-image: url(http:\/\/www.gmivolunteers.org\/wp-content\/uploads\/2015\/09\/map.jpg);\"><style type=\"text\/css\" scoped=\"scoped\">.fusion-fullwidth-3 {\n                            padding-left: 0px !important;\n                            padding-right: 0px !important;\n                        }<\/style><div class=\"fusion-row\"><div class=\"fusion-one-third one_third fusion-layout-column fusion-spacing-yes fusion-hide-on-mobile\" style=\"margin-top:0px;margin-bottom:0px;\"><div class=\"fusion-column-wrapper fusion-animated\" data-animationType=\"zoomIn\" data-animationDuration=\"1\"><div class=\"fusion-column-table\"><div class=\"fusion-column-tablecell\"><div class=\"imageframe-align-center\"><span class=\"fusion-imageframe imageframe-none imageframe-5 hover-type-none appimg\"> <img decoding=\"async\" alt=\"\" src=\"http:\/\/www.gmivolunteers.org\/wp-content\/uploads\/2015\/09\/m_4.png\" class=\"img-responsive\"\/><\/span><\/div><div class=\"fusion-clearfix\"><\/div><\/div><\/div><\/div><\/div><div class=\"fusion-three-fifth fusion-layout-column fusion-column-last fusion-spacing-yes\" style=\"margin-top:0px;margin-bottom:0px;\"><div class=\"fusion-column-wrapper fusion-animated\" data-animationType=\"fadeInUp\" data-animationDuration=\"1\"><div class=\"fusion-column-table\"><div class=\"fusion-column-tablecell\"><h1 style=\"text-align: center;\"><span style=\"color: #ffffff;\">Media\u00a0&amp;\u00a0Televisi\u00f3n<br \/>\n<\/span><\/h1>\n<h2 style=\"text-align: center;\"><span style=\"color: #ffffff;\">Nuestras redes de televisi\u00f3n y radio ofrecen al p\u00fablico mundial\u00a0contenido cristiano enfocado hacia la familia y el desarrollo personal y espiritual.<\/span><\/h2>\n<p style=\"text-align: center;\"><span style=\"color: #ffffff;\">\u00a0\u00a0<a style=\"color: #ffffff; text-decoration: none; font-weight: 500; display: inline-block; font-size: 14px; padding: 3px 10px; border-radius: 3px; border: 1px solid; margin-top: 10px;\" href=\"http:\/\/redadvenir.org\/\" target=\"_blank\">Red ADVenir<\/a>\u00a0\u00a0\u00a0<a style=\"color: #ffffff; text-decoration: none; font-weight: 500; display: inline-block; font-size: 14px; padding: 3px 10px; border-radius: 3px; border: 1px solid; margin-top: 10px;\" href=\"http:\/\/gospelministry.org\/media-networks-2\/\" target=\"_blank\">Lista de Canales (Ingl\u00e9s)<\/a>\u00a0<\/span><\/p>\n<div class=\"fusion-clearfix\"><\/div><\/div><\/div><\/div><\/div><div class=\"fusion-clearfix\"><\/div><\/div><\/div><div class=\"fusion-fullwidth fullwidth-box fusion-fullwidth-4  fusion-parallax-none nonhundred-percent-fullwidth\" style=\"border-color:#eae9e9;border-bottom-width: 0px;border-top-width: 0px;border-bottom-style: solid;border-top-style: solid;padding-bottom:0px;padding-top:0px;padding-left:0px;padding-right:0px;background-color:#dd9933;\"><style type=\"text\/css\" scoped=\"scoped\">.fusion-fullwidth-4 {\n                            padding-left: 0px !important;\n                            padding-right: 0px !important;\n                        }<\/style><div class=\"fusion-row\"><a class=\"fusion-one-page-text-link\" href=\"#spread\"><div class=\"imageframe-align-center\"><span class=\"fusion-imageframe imageframe-none imageframe-6 hover-type-none seemore\"> <img src=\"http:\/\/www.gmivolunteers.org\/wp-content\/uploads\/2015\/09\/arroworange.png\" alt=\"\" class=\"img-responsive\"\/><\/span><\/div><\/a><a id=\"spread\"><\/a><\/div><\/div><div class=\"fusion-fullwidth fullwidth-box fusion-fullwidth-5  fusion-parallax-none nonhundred-percent-fullwidth\" style=\"border-color:#eae9e9;border-bottom-width: 0px;border-top-width: 0px;border-bottom-style: solid;border-top-style: solid;padding-bottom:0px;padding-top:0px;padding-left:0px;padding-right:0px;background-color:#dd9933;\"><style type=\"text\/css\" scoped=\"scoped\">.fusion-fullwidth-5 {\n                            padding-left: 0px !important;\n                            padding-right: 0px !important;\n                        }<\/style><div class=\"fusion-row\"><div class=\"fusion-one-full fusion-layout-column fusion-column-last fusion-spacing-yes\" style=\"margin-top:0px;margin-bottom:0px;\"><div class=\"fusion-column-wrapper fusion-animated\" data-animationType=\"fadeInUp\" data-animationDuration=\"1\"><div class=\"fusion-column-table\"><div class=\"fusion-column-tablecell\"><h1 style=\"text-align: center;\"><span style=\"color: #ffffff;\">\u00a1Ay\u00fadanos a\u00a0salvar almas!<br \/>\n<\/span><\/h1>\n<div class=\"fusion-clearfix\"><\/div><\/div><\/div><\/div><\/div><div class=\"fusion-clearfix\"><\/div><\/div><\/div><div class=\"fusion-fullwidth fullwidth-box fusion-fullwidth-6  fusion-parallax-none nonhundred-percent-fullwidth\" style=\"border-color:#eae9e9;border-bottom-width: 0px;border-top-width: 0px;border-bottom-style: solid;border-top-style: solid;padding-bottom:30px;padding-top:30px;padding-left:0px;padding-right:0px;background-color:#dd9933;\"><style type=\"text\/css\" scoped=\"scoped\">.fusion-fullwidth-6 {\n                            padding-left: 0px !important;\n                            padding-right: 0px !important;\n                        }<\/style><div class=\"fusion-row\"><div class=\"fusion-flip-boxes flip-boxes row fusion-columns-3\"><div class=\"fusion-flip-box-wrapper fusion-column col-lg-4 col-md-4 col-sm-4\"><div class=\"fusion-flip-box\"><div class=\"flip-box-inner-wrapper\"><div class=\"flip-box-front\" style=\"background-color:#f6f6f6;border-color:transparent;border-radius:4px;border-style:solid;border-width:1px;color:#9e6121;\"><div class=\"flip-box-front-inner\"><div class=\"flip-box-grafix flip-box-circle\" style=\"background-color:#dd9933;border-color:#ffffff;\"><i class=\"fa fa-leaf\" style=\"color:#ffffff;\"><\/i><\/div><h2 class=\"flip-box-heading without-text\" style=\"color:#333333;\">Ayuda<\/h2><\/div><\/div><div class=\"flip-box-back\" style=\"background-color:#cf8e2c;border-color:transparent;border-radius:4px;border-style:solid;border-width:1px;color:#ffffff;\"><div class=\"flip-box-back-inner\"><h3 class=\"flip-box-heading-back\" style=\"color:#ffffff;\">CAMBIA SU MUNDO.<br \/>\nCAMBIA EL TUYO.<\/h3><a style=\"background-color: #a76b12; color: #fff; text-decoration: none; font-weight: 500; display: inline-block; font-size: 14px; padding: 10px 16px; border-radius: 3px;\" href=\"http:\/\/gospelministry.org\/donations\/\">HACER UNA DONACI\u00d3N<\/a><\/div><\/div><\/div><\/div><\/div><div class=\"fusion-flip-box-wrapper fusion-column col-lg-4 col-md-4 col-sm-4\"><div class=\"fusion-flip-box\"><div class=\"flip-box-inner-wrapper\"><div class=\"flip-box-front\" style=\"background-color:#f6f6f6;border-color:transparent;border-radius:4px;border-style:solid;border-width:1px;color:#9e6121;\"><div class=\"flip-box-front-inner\"><div class=\"flip-box-grafix flip-box-circle\" style=\"background-color:#dd9933;border-color:#ffffff;\"><i class=\"fa fa-check\" style=\"color:#ffffff;\"><\/i><\/div><h2 class=\"flip-box-heading without-text\" style=\"color:#333333;\">Participa<\/h2><\/div><\/div><div class=\"flip-box-back\" style=\"background-color:#cf8e2c;border-color:transparent;border-radius:4px;border-style:solid;border-width:1px;color:#ffffff;\"><div class=\"flip-box-back-inner\"><h3 class=\"flip-box-heading-back\" style=\"color:#ffffff;\">SE PARTE DE NUESTRO EQUIPO<\/h3><a style=\"background-color: #a76b12; color: #fff; text-decoration: none; display: inline-block; font-weight: 500; font-size: 14px; padding: 10px 16px; border-radius: 3px;\" href=\"..\/apply\">\u00a1\u00daNETE HOY!<\/a><\/div><\/div><\/div><\/div><\/div><div class=\"fusion-flip-box-wrapper fusion-column col-lg-4 col-md-4 col-sm-4\"><div class=\"fusion-flip-box\"><div class=\"flip-box-inner-wrapper\"><div class=\"flip-box-front\" style=\"background-color:#f6f6f6;border-color:transparent;border-radius:4px;border-style:solid;border-width:1px;color:#747474;\"><div class=\"flip-box-front-inner\"><div class=\"flip-box-grafix flip-box-circle\" style=\"background-color:#dd9933;border-color:#ffffff;\"><i class=\"fa fa-users\" style=\"color:#ffffff;\"><\/i><\/div><h2 class=\"flip-box-heading without-text\" style=\"color:#333333;\">Comparte<\/h2><\/div><\/div><div class=\"flip-box-back\" style=\"background-color:#fff;border-color:transparent;border-radius:4px;border-style:solid;border-width:1px;color:#ffffff;\"><div class=\"flip-box-back-inner\">\n<div class=\"fb-share-button\" style=\"margin-bottom: 5px;\" data-href=\"http:\/\/www.gmivolunteers.org\/\" data-layout=\"button_count\"><\/div>\n<p><a class=\"twitter-follow-button\" href=\"https:\/\/twitter.com\/GospelMinistry\" data-show-count=\"false\">Follow @GospelMinistry<\/a><br \/>\n<script>\/\/ <!&#091;CDATA&#091;\n!function(d,s,id){var js,fjs=d.getElementsByTagName(s)&#091;0&#093;,p=\/^http:\/.test(d.location)?'http':'https';if(!d.getElementById(id)){js=d.createElement(s);js.id=id;js.src=p+':\/\/platform.twitter.com\/widgets.js';fjs.parentNode.insertBefore(js,fjs);}}(document, 'script', 'twitter-wjs');\n\/\/ &#093;&#093;><\/script><\/p>\n<\/div><\/div><\/div><\/div><\/div><\/div><div class=\"fusion-clearfix\"><\/div><\/div><\/div>\n","protected":false},"excerpt":{"rendered":"","protected":false},"author":10,"featured_media":0,"parent":0,"menu_order":0,"comment_status":"open","ping_status":"closed","template":"100-width.php","meta":[],"_links":{"self":[{"href":"https:\/\/www.gmivolunteers.org\/es\/wp-json\/wp\/v2\/pages\/5606"}],"collection":[{"href":"https:\/\/www.gmivolunteers.org\/es\/wp-json\/wp\/v2\/pages"}],"about":[{"href":"https:\/\/www.gmivolunteers.org\/es\/wp-json\/wp\/v2\/types\/page"}],"author":[{"embeddable":true,"href":"https:\/\/www.gmivolunteers.org\/es\/wp-json\/wp\/v2\/users\/10"}],"replies":[{"embeddable":true,"href":"https:\/\/www.gmivolunteers.org\/es\/wp-json\/wp\/v2\/comments?post=5606"}],"version-history":[{"count":10,"href":"https:\/\/www.gmivolunteers.org\/es\/wp-json\/wp\/v2\/pages\/5606\/revisions"}],"predecessor-version":[{"id":5937,"href":"https:\/\/www.gmivolunteers.org\/es\/wp-json\/wp\/v2\/pages\/5606\/revisions\/5937"}],"wp:attachment":[{"href":"https:\/\/www.gmivolunteers.org\/es\/wp-json\/wp\/v2\/media?parent=5606"}],"curies":[{"name":"wp","href":"https:\/\/api.w.org\/{rel}","templated":true}]}}